{"id":12,"date":"2016-03-11T20:39:25","date_gmt":"2016-03-11T18:39:25","guid":{"rendered":"http:\/\/www.e-ksy.org\/?page_id=12"},"modified":"2019-05-14T08:11:58","modified_gmt":"2019-05-14T05:11:58","slug":"yleista","status":"publish","type":"page","link":"https:\/\/www.e-ksy.org\/?page_id=12","title":{"rendered":"Yleist\u00e4"},"content":{"rendered":"<p>J\u00e4seneksi hakeminen.<\/p>\n<p>Vuosikokouksen mukaisesti vuoden 2019 j\u00e4senmaksu on:<br \/>\n30 \u20ac, j\u00e4sen<br \/>\n20 \u20ac, el\u00e4kel\u00e4inen<br \/>\n20 \u20ac, yli 1\/2 v. ty\u00f6tt\u00f6m\u00e4n\u00e4 olleet<\/p>\n<p>J\u00e4senhakemus toimitettaan hallitukselle k\u00e4sitelt\u00e4v\u00e4ksi.<\/p>\n<p><a href=\"http:\/\/www.e-ksy.org\/wp-content\/uploads\/2016\/03\/EKSYN_J\u00c4SENHAKEMUS_2016.docx\" rel=\"\">EKSYN_J\u00c4SENHAKEMUS_2016<\/a><\/p>\n","protected":false},"excerpt":{"rendered":"<p>J\u00e4seneksi hakeminen. Vuosikokouksen mukaisesti vuoden 2019 j\u00e4senmaksu on: 30 \u20ac, j\u00e4sen 20 \u20ac, el\u00e4kel\u00e4inen 20 \u20ac, yli 1\/2 v. ty\u00f6tt\u00f6m\u00e4n\u00e4 olleet J\u00e4senhakemus toimitettaan hallitukselle k\u00e4sitelt\u00e4v\u00e4ksi. EKSYN_J\u00c4SENHAKEMUS_2016<\/p>\n","protected":false},"author":1,"featured_media":141,"parent":0,"menu_order":0,"comment_status":"closed","ping_status":"closed","template":"","meta":[],"_links":{"self":[{"href":"https:\/\/www.e-ksy.org\/index.php?rest_route=\/wp\/v2\/pages\/12"}],"collection":[{"href":"https:\/\/www.e-ksy.org\/index.php?rest_route=\/wp\/v2\/pages"}],"about":[{"href":"https:\/\/www.e-ksy.org\/index.php?rest_route=\/wp\/v2\/types\/page"}],"author":[{"embeddable":true,"href":"https:\/\/www.e-ksy.org\/index.php?rest_route=\/wp\/v2\/users\/1"}],"replies":[{"embeddable":true,"href":"https:\/\/www.e-ksy.org\/index.php?rest_route=%2Fwp%2Fv2%2Fcomments&post=12"}],"version-history":[{"count":5,"href":"https:\/\/www.e-ksy.org\/index.php?rest_route=\/wp\/v2\/pages\/12\/revisions"}],"predecessor-version":[{"id":361,"href":"https:\/\/www.e-ksy.org\/index.php?rest_route=\/wp\/v2\/pages\/12\/revisions\/361"}],"wp:featuredmedia":[{"embeddable":true,"href":"https:\/\/www.e-ksy.org\/index.php?rest_route=\/wp\/v2\/media\/141"}],"wp:attachment":[{"href":"https:\/\/www.e-ksy.org\/index.php?rest_route=%2Fwp%2Fv2%2Fmedia&parent=12"}],"curies":[{"name":"wp","href":"https:\/\/api.w.org\/{rel}","templated":true}]}}