{"id":24,"date":"2016-03-11T21:00:32","date_gmt":"2016-03-11T19:00:32","guid":{"rendered":"http:\/\/www.e-ksy.org\/?page_id=24"},"modified":"2019-05-14T08:02:03","modified_gmt":"2019-05-14T05:02:03","slug":"yhteystiedot","status":"publish","type":"page","link":"https:\/\/www.e-ksy.org\/?page_id=24","title":{"rendered":"Yhteystiedot"},"content":{"rendered":"<h4 class=\"western\"><strong>Hallitus:<\/strong><\/h4>\n<p class=\"western\">Esa Forsblom, PJ<br \/>\nMatti Kohonen, sihteeri<br \/>\nPekka Rossi, rahastonhoitaja<br \/>\nTimo M\u00e4lki\u00e4inen<br \/>\nEsa H\u00e4m\u00e4l\u00e4inen<br \/>\nJaakko Marttila<br \/>\nJukka-Pekka Kuivalainen<\/p>\n","protected":false},"excerpt":{"rendered":"<p>Hallitus: Esa Forsblom, PJ Matti Kohonen, sihteeri Pekka Rossi, rahastonhoitaja Timo M\u00e4lki\u00e4inen Esa H\u00e4m\u00e4l\u00e4inen Jaakko Marttila Jukka-Pekka Kuivalainen<\/p>\n","protected":false},"author":1,"featured_media":141,"parent":0,"menu_order":0,"comment_status":"closed","ping_status":"closed","template":"","meta":[],"_links":{"self":[{"href":"https:\/\/www.e-ksy.org\/index.php?rest_route=\/wp\/v2\/pages\/24"}],"collection":[{"href":"https:\/\/www.e-ksy.org\/index.php?rest_route=\/wp\/v2\/pages"}],"about":[{"href":"https:\/\/www.e-ksy.org\/index.php?rest_route=\/wp\/v2\/types\/page"}],"author":[{"embeddable":true,"href":"https:\/\/www.e-ksy.org\/index.php?rest_route=\/wp\/v2\/users\/1"}],"replies":[{"embeddable":true,"href":"https:\/\/www.e-ksy.org\/index.php?rest_route=%2Fwp%2Fv2%2Fcomments&post=24"}],"version-history":[{"count":8,"href":"https:\/\/www.e-ksy.org\/index.php?rest_route=\/wp\/v2\/pages\/24\/revisions"}],"predecessor-version":[{"id":358,"href":"https:\/\/www.e-ksy.org\/index.php?rest_route=\/wp\/v2\/pages\/24\/revisions\/358"}],"wp:featuredmedia":[{"embeddable":true,"href":"https:\/\/www.e-ksy.org\/index.php?rest_route=\/wp\/v2\/media\/141"}],"wp:attachment":[{"href":"https:\/\/www.e-ksy.org\/index.php?rest_route=%2Fwp%2Fv2%2Fmedia&parent=24"}],"curies":[{"name":"wp","href":"https:\/\/api.w.org\/{rel}","templated":true}]}}