{"id":28,"date":"2016-03-11T21:04:17","date_gmt":"2016-03-11T19:04:17","guid":{"rendered":"http:\/\/www.e-ksy.org\/?page_id=28"},"modified":"2016-03-25T19:14:29","modified_gmt":"2016-03-25T17:14:29","slug":"etusivu","status":"publish","type":"page","link":"https:\/\/www.e-ksy.org\/","title":{"rendered":"EKSY"},"content":{"rendered":"<h4 style=\"text-align: center;\"><\/h4>\n<p>Toimii Etel\u00e4-Karjan automaatioalalla ty\u00f6skentelevien ammattitaitoa ja hyvinvointia edist\u00e4v\u00e4n\u00e4 j\u00e4rjest\u00f6n\u00e4.<\/p>\n<p>EKSY ry:n perustava kokous pidettiin 18.10.1988.<\/p>\n<p>&nbsp;<\/p>\n<p>&nbsp;<\/p>\n<p>&nbsp;<\/p>\n","protected":false},"excerpt":{"rendered":"<p>Toimii Etel\u00e4-Karjan automaatioalalla ty\u00f6skentelevien ammattitaitoa ja hyvinvointia edist\u00e4v\u00e4n\u00e4 j\u00e4rjest\u00f6n\u00e4. EKSY ry:n perustava kokous pidettiin 18.10.1988. &nbsp; &nbsp; &nbsp;<\/p>\n","protected":false},"author":1,"featured_media":141,"parent":0,"menu_order":0,"comment_status":"closed","ping_status":"closed","template":"","meta":[],"_links":{"self":[{"href":"https:\/\/www.e-ksy.org\/index.php?rest_route=\/wp\/v2\/pages\/28"}],"collection":[{"href":"https:\/\/www.e-ksy.org\/index.php?rest_route=\/wp\/v2\/pages"}],"about":[{"href":"https:\/\/www.e-ksy.org\/index.php?rest_route=\/wp\/v2\/types\/page"}],"author":[{"embeddable":true,"href":"https:\/\/www.e-ksy.org\/index.php?rest_route=\/wp\/v2\/users\/1"}],"replies":[{"embeddable":true,"href":"https:\/\/www.e-ksy.org\/index.php?rest_route=%2Fwp%2Fv2%2Fcomments&post=28"}],"version-history":[{"count":11,"href":"https:\/\/www.e-ksy.org\/index.php?rest_route=\/wp\/v2\/pages\/28\/revisions"}],"predecessor-version":[{"id":338,"href":"https:\/\/www.e-ksy.org\/index.php?rest_route=\/wp\/v2\/pages\/28\/revisions\/338"}],"wp:featuredmedia":[{"embeddable":true,"href":"https:\/\/www.e-ksy.org\/index.php?rest_route=\/wp\/v2\/media\/141"}],"wp:attachment":[{"href":"https:\/\/www.e-ksy.org\/index.php?rest_route=%2Fwp%2Fv2%2Fmedia&parent=28"}],"curies":[{"name":"wp","href":"https:\/\/api.w.org\/{rel}","templated":true}]}}