{"id":32,"date":"2016-03-11T21:07:35","date_gmt":"2016-03-11T19:07:35","guid":{"rendered":"http:\/\/www.e-ksy.org\/?page_id=32"},"modified":"2016-05-25T23:19:25","modified_gmt":"2016-05-25T20:19:25","slug":"saannot-2","status":"publish","type":"page","link":"https:\/\/www.e-ksy.org\/?page_id=32","title":{"rendered":"S\u00e4\u00e4nn\u00f6t"},"content":{"rendered":"<h3>ETEL\u00c4-KARJALAN MITTAUS- JA S\u00c4\u00c4T\u00d6TEKNILLINEN YHDISTYS<br \/>\nEKSY:N S\u00c4\u00c4NN\u00d6T <span style=\"font-size: medium;\"><span style=\"color: #000000;\"><\/p>\n<p><\/span><\/span> 1 \u00a7 YHDISTYKSEN NIMI JA KOTIPAIKKA  <span style=\"color: blue;\"><span style=\"font-size: medium;\"><br \/>\n<\/span><\/span><\/h3>\n<blockquote><p>a) Yhdistyksen nimi on Etel\u00e4-Karjalan mittaus- ja s\u00e4\u00e4t\u00f6teknillinen yhdistys EKSY.<br \/>\nb) Yhdistyksen kotipaikka on Imatra ja toiminta-alueena Etel\u00e4-Karjala.<\/p><\/blockquote>\n<h3><span style=\"color: blue;\"><br \/>\n<\/span> 2 \u00a7 TARKOITUS<\/h3>\n<blockquote><p>a) Koota automaation, mittaus- ja s\u00e4\u00e4t\u00f6tekniikan parissa ty\u00f6skentelev\u00e4t.<br \/>\nb) Edist\u00e4\u00e4 j\u00e4sentens\u00e4 ammattitaitoa, yhteisty\u00f6t\u00e4 ja hyvinvointia.<br \/>\nc) Yhdistys on poliittisiin puolueisiin sitoutumaton ammatillinen yhdistys.<\/p><\/blockquote>\n<h3><span style=\"color: blue;\"><br \/>\n<\/span> 3 \u00a7 TOIMINTA<\/h3>\n<blockquote><p>a) Tarkoituksensa saavuttamiseksi yhdistys j\u00e4rjest\u00e4\u00e4:<br \/>\n1. Koulutusta ja esitelm\u00e4tilaisuuksia<br \/>\n2. Tutustumisk\u00e4yntej\u00e4 teollisuus- ja liikelaitoksiin sek\u00e4 messuille<br \/>\n3. Ammattialaan liittyvi\u00e4 artikkeleita ja julkaisuja<br \/>\n4. Retki\u00e4<br \/>\n5. Hyvinvointia ja yhteisty\u00f6t\u00e4 edist\u00e4vi\u00e4 tilaisuuksia<br \/>\n6. N\u00e4yttelyj\u00e4<\/p>\n<p>b) Toimintansa tukemiseksi yhdistys voi<br \/>\n1. Ker\u00e4t\u00e4 j\u00e4senmaksuja, j\u00e4rjest\u00e4\u00e4 asiaan kuuluvin luvin arpajaisia, rahanker\u00e4yksi\u00e4 ja myyj\u00e4isi\u00e4<br \/>\n2. Ottaa vastaan lahjoituksia.<\/p><\/blockquote>\n<h3><span style=\"color: blue;\"><br \/>\n<\/span> 4 \u00a7 YHDISTYKSEN J\u00c4SENET<\/h3>\n<blockquote><p>Yhdistyksen varsinaiseksi j\u00e4seneksi voi liitty\u00e4 yhdistyksen toiminta-alueella automaatioalalla toimiva henkil\u00f6,<br \/>\njolla toimintansa tai asemansa perusteella on edellytyksi\u00e4 toimia yhdistyksen tarkoitusperien hyv\u00e4ksi.<\/p>\n<p>Uuden j\u00e4senen yhdistykseen hyv\u00e4ksyy yhdistyksen hallitus harkintansa mukaan kirjallisen anomuksen perusteella.<\/p>\n<p>Yhdistyksen kannattajaj\u00e4seniksi voi hallitus hyv\u00e4ksy\u00e4 henkil\u00f6it\u00e4 tai oikeuskelpoisia yhteis\u00f6j\u00e4,<br \/>\njotka suorittavat yhdistyksen kannattajaj\u00e4senille vuosittain m\u00e4\u00e4r\u00e4\u00e4m\u00e4n j\u00e4senmaksun.<\/p>\n<p>Erityisell\u00e4 ansiokkuudella yhdistyksen toimintaa edist\u00e4neit\u00e4 j\u00e4seni\u00e4 tai muita henkil\u00f6it\u00e4<br \/>\nvoidaan yhdistyksen vuosikokouksen p\u00e4\u00e4t\u00f6ksell\u00e4 kutsua yhdistyksen kunniaj\u00e4seniksi.<\/p>\n<p>Yhdistys kuuluu j\u00e4senen\u00e4 valtakunnalliseen <span style=\"color: red;\">Suomen mittaus- ja s\u00e4\u00e4t\u00f6teknillinen yhdistys ry<\/span>:een toimien Etel\u00e4-Karjalan alueen paikallisyhdistyksen\u00e4.<\/p><\/blockquote>\n<h3><span style=\"color: blue;\"><br \/>\n<\/span> 5 \u00a7 J\u00c4SENEN VELVOLLISUUDET<\/h3>\n<blockquote><p>J\u00e4senen on noudatettava yhdistyksen s\u00e4\u00e4nt\u00f6j\u00e4 ja sen hallituksen laillisessa j\u00e4rjestyksess\u00e4 tekemi\u00e4 p\u00e4\u00e4t\u00f6ksi\u00e4.<\/p><\/blockquote>\n<h3><span style=\"color: blue;\"><br \/>\n<\/span> 6 \u00a7 J\u00c4SENYYDEN LAKKAAMINEN<\/h3>\n<blockquote><p>J\u00e4seneyys lakkaa joko eroamalla tai erottamalla.<\/p>\n<p>J\u00e4senen joka haluaa erota yhdistyksest\u00e4, tulee ilmoittaa t\u00e4st\u00e4 kirjallisesti yhdistyksen hallitukselle, sen puheenjohtajalle<br \/>\ntai suullisesti yhdistyksen kokouksen p\u00f6yt\u00e4kirjaan, ollen kuitenkin velvollinen suorittamaan j\u00e4senmaksunsa kuluvalta vuodelta.<br \/>\nIrtisanomisaika on yksi kuukausi.<\/p>\n<p>Jos yhdistyksen j\u00e4sen ei t\u00e4yt\u00e4 n\u00e4iden s\u00e4\u00e4nt\u00f6jen mukaan kuuluvia maksu- tai muita velvoitteita, tai h\u00e4n tahallaan toimii<br \/>\nyhdistyksen tarkoitusperiaatteita vastaan, tai tekee itsens\u00e4 syyp\u00e4\u00e4ksi hyv\u00e4n kauppa- tai yleisen tavan vastaiseen toimintaan,<br \/>\ntaikka laiminly\u00f6 yhdistyksen puitteissa tehdyn sopimuksen noudattamisen, voi hallitus erottaa h\u00e4net yhdistyksen j\u00e4senyydest\u00e4.<br \/>\nErotettu j\u00e4sen on kuitenkin oikeutettu yhden kuukauden kuluessa siit\u00e4, kun p\u00e4\u00e4t\u00f6s h\u00e4nelle on tiedoksi annettu kirjallisesti vetoamaan<br \/>\nyhdistyksen kokoukseen. Hallitus on t\u00e4ll\u00f6in velvollinen antamaan asian seuraavan kokouksen p\u00e4\u00e4tett\u00e4v\u00e4ksi. Erottamisp\u00e4\u00e4t\u00f6s j\u00e4\u00e4 voimaan<br \/>\nsiin\u00e4 tapauksessa, ett\u00e4 v\u00e4hint\u00e4\u00e4n kolmenelj\u00e4sosaa kokouksessa annetuista \u00e4\u00e4nist\u00e4 on erottamisen kannalla, jolloin j\u00e4senyys lakkaa<br \/>\nkokouksen p\u00e4iv\u00e4m\u00e4\u00e4r\u00e4ll\u00e4, mutta raukeaa muussa tapauksessa.<\/p>\n<p>J\u00e4senyyden lakatessa eronneella tai erotetulla ei ole oikeutta saada yhdistykselt\u00e4 takaisin maksamiaan j\u00e4senmaksuja.<\/p><\/blockquote>\n<h3><span style=\"color: blue;\"><br \/>\n<\/span> 7 \u00a7 J\u00c4SENMAKSUT<\/h3>\n<blockquote><p>Yhdistys perii vuosikokouksessa vahvistaman henkil\u00f6j\u00e4senmaksun ja toimittaa sen <span style=\"color: red;\">Suomen mittaus- ja s\u00e4\u00e4t\u00f6teknillinen yhdistys r.y.<\/span>:lle,<br \/>\njoka palauttaa sen vuosikokouksen kulloinkin vahvistaman j\u00e4senmaksuosuuden paikallisyhdistykselle j\u00e4senluetteloon ja maksaneiden j\u00e4senten m\u00e4\u00e4r\u00e4n mukaisesti.<br \/>\nKannattavien j\u00e4senten j\u00e4senmaksun vahvistaa vuosikokous vuosittain.<\/p><\/blockquote>\n<h3><span style=\"color: blue;\"><br \/>\n<\/span> 8 \u00a7 YHDISTYKSEN HALLITUS<\/h3>\n<blockquote><p>Yhdistyksen asioita hoitaa vuosikokouksen valitsema yhdistyksen hallitus, jonka muodostaa puheenjohtaja ja kuusi (6) j\u00e4sent\u00e4.<\/p>\n<p>Yhdistyksen vuosikokouksen valitseman hallituksen on pidett\u00e4v\u00e4 j\u00e4rjest\u00e4ytymiskokous kolmen viikon kuluessa vuosikokouksesta.<br \/>\nJ\u00e4rjest\u00e4ytymiskokouksessaan hallitus valitsee keskuudestaan varapuheenjohtajan, sihteerin, rahastonhoitajan ja<br \/>\nmuut mahdolliset tarvittavat yhdistyksen toimihenkil\u00f6t.<\/p>\n<p>Puheenjohtaja valitaan vuodeksi kerrallaan ja muut j\u00e4senet kahdeksi vuodeksi kerrallaan.<\/p>\n<p>Hallitus on p\u00e4\u00e4t\u00f6svaltainen, kun puheenjohtaja tai varapuheenjohtaja ja puolet j\u00e4senist\u00e4 on paikalla.<\/p>\n<p>Hallituksesta eroaa vuosittain puheenjohtaja ja puolet j\u00e4senist\u00e4. J\u00e4senten eroaminen tapahtuu ensimm\u00e4isen vuoden kuluessa arvonnalla ja<br \/>\nseuraavina vuosina vuoron mukaan. Puheenjohtaja ja erovuoroiset j\u00e4senet voidaan valita uudelleen.<\/p>\n<p>Hallituksen kutsuu koolle puheenjohtaja tai h\u00e4nen estyneen\u00e4 ollessaan varapuheenjohtaja. Hallitus on kutsuttava koolle,<br \/>\nmik\u00e4li joku hallituksen j\u00e4sen sit\u00e4 kirjallisesti sit\u00e4 vaatii.<\/p><\/blockquote>\n<h3><span style=\"color: blue;\"><br \/>\n<\/span> 9 \u00a7 NIMENKIRJOITUS<\/h3>\n<blockquote><p>Yhdistyksen nimen kirjoittavat puheenjohtaja ja sihteeri tai varapuheenjohtaja ja sihteeri yhdess\u00e4.<\/p><\/blockquote>\n<h3><span style=\"color: blue;\"><br \/>\n<\/span> 10 \u00a7 TILIT JA TILINAVAUS<\/h3>\n<blockquote><p>Yhdistyksen tilit p\u00e4\u00e4tet\u00e4\u00e4n kalenterivuosittain. Edelliselt\u00e4 kalenterivuodelta p\u00e4\u00e4tetyt tilit niihin liittyvineen asiakirjoineen,<br \/>\nyhdistyksen ja hallituksen kokouksista syntyneet p\u00f6yt\u00e4kirjat, vuosikertomus on toimitettava viimeist\u00e4\u00e4n seuraavan vuoden<br \/>\ntammikuun loppuun menness\u00e4 tilintarkastajille tarkastusta varten, joiden on annettava niist\u00e4 kirjallinen lausunto helmikuun 15. p\u00e4iv\u00e4\u00e4n menness\u00e4.<\/p><\/blockquote>\n<h3><span style=\"color: blue;\"><br \/>\n<\/span> 11 \u00a7 KOKOUKSET<\/h3>\n<blockquote><p>Yhdistyksen vuosikokous pidet\u00e4\u00e4n maaliskuun aikana. Muu yhdistyksen kokous pidet\u00e4\u00e4n, kun hallitus katsoo sen tarpeelliseksi.<\/p><\/blockquote>\n<h3><span style=\"color: blue;\"><br \/>\n<\/span> 12 \u00a7 VUOSIKOKOUKSESSA K\u00c4SITELT\u00c4V\u00c4T ASIAT<\/h3>\n<blockquote><p>1. Kokouksen avaus.<br \/>\n2. Todetaan kokouksen laillisuus, p\u00e4\u00e4t\u00f6svaltaisuus ja l\u00e4sn\u00e4olijat.<br \/>\n3. Valitaan kokouksen puheenjohtaja.<br \/>\n4. Valitaan kokouksen sihteeri.<br \/>\n5. Valitaan kaksi p\u00f6yt\u00e4kirjantarkastajaa.<br \/>\n6. Valitaan kaksi \u00e4\u00e4ntenlaskijaa.<br \/>\n7. Esitell\u00e4\u00e4n hallituksen laatima vuosikertomus.<br \/>\n8. K\u00e4sitell\u00e4\u00e4n edellisen vuoden tilit ja tilintarkastajien lausunto ja hallituksen sen johdosta mahdollisesti antama selvitys.<br \/>\n9. Vahvistetaan tilinp\u00e4\u00e4t\u00f6s.<br \/>\n10. P\u00e4\u00e4tet\u00e4\u00e4n tili ja vastuuvapaudesta hallitukselle.<br \/>\n11. Valitaan hallituksen puheenjohtaja.<br \/>\n12. Valitaan hallituksen j\u00e4senet erovuoroisten tilalle.<br \/>\n13. Valitaan kaksi tilintarkastajaa ja heille kaksi varatilintarkastajaa.<br \/>\n14. K\u00e4sitell\u00e4\u00e4n hallituksen laatima toimintasuunnitelma kuluvalle toimintakaudelle.<br \/>\n15. Vahvistetaan kuluvan vuoden talousarvio ja p\u00e4\u00e4tet\u00e4\u00e4n j\u00e4senmaksun suuruudesta.<br \/>\n16. P\u00e4\u00e4tet\u00e4\u00e4n palkkioista ja matkakustannusten korvaamisesta.<br \/>\n17. P\u00e4\u00e4tet\u00e4\u00e4n seuraavan vuoden vuosikokouksen aika ja paikka.<br \/>\n18. Muut kokouskutsussa mainitut asiat.<\/p>\n<p>Vuosikokouksessa k\u00e4sitelt\u00e4v\u00e4ksi tarkoitetut asiat on ilmoitettava kirjallisesti hallituksen puheenjohtajalle tai sihteerille<br \/>\nviimeist\u00e4\u00e4n kyseisen vuoden tammikuun loppuun menness\u00e4. Muissa kuin vuosikokouksissa k\u00e4sitelt\u00e4v\u00e4ksi tarkoitetut asiat on ilmoitettava<br \/>\npuheenjohtajalle tai sihteerille viimeist\u00e4\u00e4n kokouksen alussa.<\/p><\/blockquote>\n<h3><span style=\"color: blue;\"><br \/>\n<\/span> 13 \u00a7 KUTSUT<\/h3>\n<blockquote><p>Kutsut yhdistyksen kokouksiin l\u00e4hetet\u00e4\u00e4n j\u00e4senille kirjallisina j\u00e4senluetteloon merkityll\u00e4 osoitteella ja se on postitettava v\u00e4hint\u00e4\u00e4n 14 p\u00e4iv\u00e4\u00e4\u00a0ennen kokousta, tai jos yhdistyksell\u00e4 on oma julkaisu tai palsta julkaisussa, joka postitetaan j\u00e4senmaksuun sis\u00e4ltyen kaikille yhdistyksen j\u00e4senille,\u00a0voidaan kokouskutsu ilmoittaa siin\u00e4 numerossa, joka ilmestyy v\u00e4hint\u00e4\u00e4n 14 p\u00e4iv\u00e4\u00e4 ennen kokousta.<\/p><\/blockquote>\n<h3><span style=\"color: blue;\"><br \/>\n<\/span> 14 \u00a7 \u00c4\u00c4NESTYS<\/h3>\n<blockquote><p>Asiat ratkaistaan yhdistyksen kokkouksissa avoimella \u00e4\u00e4nestyksell\u00e4, ellei ehdotusta suljetusta \u00e4\u00e4nestyksest\u00e4 jotakin asiaa varten ole nimenomaan tehty.<br \/>\n\u00c4\u00e4nten menness\u00e4 tasan ratkaisee puheenjohtajan \u00e4\u00e4ni, suljetussa \u00e4\u00e4nestyksess\u00e4 arpa.<\/p>\n<p>Yhdistyksen kokouksissa on jokaisella l\u00e4sn\u00e4olevalla j\u00e4senell\u00e4 ja kunniaj\u00e4senell\u00e4 yksi \u00e4\u00e4ni. Kannattavalla j\u00e4senell\u00e4\u00a0ei ole \u00e4\u00e4nioikeutta yhdistyksen kokouksessa.<\/p><\/blockquote>\n<h3><span style=\"color: blue;\"><br \/>\n<\/span> 15 \u00a7 AMMATTI JA HARRASTUSKERHOT<\/h3>\n<blockquote><p>Yhdistyksen j\u00e4senet voivat hallituksen tieten kokoontua erityisin\u00e4 hallituksen alaisina rekister\u00f6itym\u00e4tt\u00f6min\u00e4 ammatti- ja harrastuskerhoina\u00a0 keskustelemaan ammattialaan kuuluvista asioista tai harrastamaan muuta yhdistyksen tarkoitusperi\u00e4 vastaavaa toimintaa.<\/p><\/blockquote>\n<h3><span style=\"color: blue;\"><br \/>\n<\/span> 16 \u00a7 YHDISTYKSEN S\u00c4\u00c4NT\u00d6JEN MUUTTAMINEN<\/h3>\n<blockquote><p>Yhdistyksen s\u00e4\u00e4nt\u00f6jen muutosmahdollisuudet voivat tulla k\u00e4sittelyyn ainostaan vuosikokouksessa. Jos tehty\u00e4 muutosehdotusta on kannattanut\u00a0 kolmenelj\u00e4sosaa (3\/4) annetuista \u00e4\u00e4nist\u00e4, on asia otettava k\u00e4sittelyn alaiseksi viel\u00e4 toisessa, v\u00e4hint\u00e4\u00e4n kolmekymment\u00e4 (30) p\u00e4iv\u00e4\u00e4 my\u00f6hemmin\u00a0pidett\u00e4v\u00e4ss\u00e4 kokouksessa. Jos t\u00e4ss\u00e4 toisessa kokouksessa on muutosehdotusta kannattanut kolmenelj\u00e4sosaa (3\/4) annetuista \u00e4\u00e4nist\u00e4, on s\u00e4\u00e4nt\u00f6j\u00e4 koskeva muutos pit\u00e4v\u00e4.<\/p><\/blockquote>\n<h3><span style=\"color: blue;\"><br \/>\n<\/span> 17 \u00a7 YHDISTYKSEN PURKAMINEN<\/h3>\n<blockquote><p>Yhdistyksen purkamista koskeva p\u00e4\u00e4t\u00f6s ei ole p\u00e4tev\u00e4, ellei sit\u00e4 ole tehty kahdessa v\u00e4hint\u00e4\u00e4n 14 p\u00e4iv\u00e4n v\u00e4liajoin pidetyss\u00e4 kokouksessa,<br \/>\nja ellei sit\u00e4 molemmissa kokouksissa ole kannattanut v\u00e4hint\u00e4\u00e4n kolmenelj\u00e4sosaa (3\/4) annetuista \u00e4\u00e4nist\u00e4.<\/p>\n<p>Jos yhdistys purkautuu, jaetaan yhdistyksen varat purkukokouksen m\u00e4\u00e4r\u00e4\u00e4m\u00e4ll\u00e4 tavalla yhdistyksen ammattialaan liittyviin yleishy\u00f6dyllisiin tarkoituksiin.<\/p><\/blockquote>\n<h3><span style=\"color: blue;\">\u00a0<\/span><\/h3>\n<div class=\"sis1\" align=\"left\"><\/div>\n<p>&nbsp;<\/p>\n","protected":false},"excerpt":{"rendered":"<p>ETEL\u00c4-KARJALAN MITTAUS- JA S\u00c4\u00c4T\u00d6TEKNILLINEN YHDISTYS EKSY:N S\u00c4\u00c4NN\u00d6T 1 \u00a7 YHDISTYKSEN NIMI JA KOTIPAIKKA a) Yhdistyksen nimi on Etel\u00e4-Karjalan mittaus- ja s\u00e4\u00e4t\u00f6teknillinen yhdistys EKSY. b) Yhdistyksen kotipaikka on Imatra ja toiminta-alueena Etel\u00e4-Karjala. 2 \u00a7 TARKOITUS a) Koota automaation, mittaus- ja s\u00e4\u00e4t\u00f6tekniikan parissa ty\u00f6skentelev\u00e4t. b) Edist\u00e4\u00e4 j\u00e4sentens\u00e4 ammattitaitoa, yhteisty\u00f6t\u00e4 ja hyvinvointia. c) Yhdistys on poliittisiin puolueisiin sitoutumaton &hellip; <a href=\"https:\/\/www.e-ksy.org\/?page_id=32\" class=\"more-link\">Jatka artikkeliin <span class=\"screen-reader-text\">S\u00e4\u00e4nn\u00f6t<\/span><\/a><\/p>\n","protected":false},"author":1,"featured_media":141,"parent":0,"menu_order":0,"comment_status":"closed","ping_status":"closed","template":"","meta":[],"_links":{"self":[{"href":"https:\/\/www.e-ksy.org\/index.php?rest_route=\/wp\/v2\/pages\/32"}],"collection":[{"href":"https:\/\/www.e-ksy.org\/index.php?rest_route=\/wp\/v2\/pages"}],"about":[{"href":"https:\/\/www.e-ksy.org\/index.php?rest_route=\/wp\/v2\/types\/page"}],"author":[{"embeddable":true,"href":"https:\/\/www.e-ksy.org\/index.php?rest_route=\/wp\/v2\/users\/1"}],"replies":[{"embeddable":true,"href":"https:\/\/www.e-ksy.org\/index.php?rest_route=%2Fwp%2Fv2%2Fcomments&post=32"}],"version-history":[{"count":6,"href":"https:\/\/www.e-ksy.org\/index.php?rest_route=\/wp\/v2\/pages\/32\/revisions"}],"predecessor-version":[{"id":159,"href":"https:\/\/www.e-ksy.org\/index.php?rest_route=\/wp\/v2\/pages\/32\/revisions\/159"}],"wp:featuredmedia":[{"embeddable":true,"href":"https:\/\/www.e-ksy.org\/index.php?rest_route=\/wp\/v2\/media\/141"}],"wp:attachment":[{"href":"https:\/\/www.e-ksy.org\/index.php?rest_route=%2Fwp%2Fv2%2Fmedia&parent=32"}],"curies":[{"name":"wp","href":"https:\/\/api.w.org\/{rel}","templated":true}]}}