{"id":52,"date":"2016-03-12T15:55:34","date_gmt":"2016-03-12T13:55:34","guid":{"rendered":"http:\/\/www.e-ksy.org\/?page_id=52"},"modified":"2017-01-10T18:51:42","modified_gmt":"2017-01-10T16:51:42","slug":"smsy-kesapaivat-2016","status":"publish","type":"page","link":"https:\/\/www.e-ksy.org\/?page_id=52","title":{"rendered":"SMSY kes\u00e4p\u00e4iv\u00e4t 2016"},"content":{"rendered":"<p align=\"LEFT\"><span style=\"color: #0000ff;\"><img loading=\"lazy\" class=\"alignnone wp-image-89\" src=\"http:\/\/www.e-ksy.org\/wp-content\/uploads\/2016\/03\/RauhanJaUkonniemenAlua-300x158.jpg\" alt=\"RauhanJaUkonniemenAlua\" width=\"640\" height=\"337\" srcset=\"https:\/\/www.e-ksy.org\/wp-content\/uploads\/2016\/03\/RauhanJaUkonniemenAlua-300x158.jpg 300w, https:\/\/www.e-ksy.org\/wp-content\/uploads\/2016\/03\/RauhanJaUkonniemenAlua.jpg 678w\" sizes=\"(max-width: 640px) 100vw, 640px\" \/><\/span><\/p>\n<p align=\"LEFT\"><span style=\"color: #0000ff;\">\u00a0<strong><span style=\"font-family: TT1B2t00; font-size: x-large;\"><span style=\"font-family: TT1B2t00; font-size: x-large;\">SMSY:n <\/span><\/span><\/strong><\/span><span style=\"font-family: TT1B0t00; font-size: x-large;\"><span style=\"font-family: TT1B0t00; font-size: x-large;\"><span style=\"color: #0000ff;\"><strong>KES\u00c4P\u00c4IV\u00c4T 2016 IMATRALLA<\/strong><\/span><br \/>\n<\/span><\/span>Imatran Kylpyl\u00e4 13. \u2013 14.8.2016.<\/p>\n<p align=\"LEFT\"><a href=\"http:\/\/www.e-ksy.org\/wp-content\/uploads\/2017\/01\/SMSY_2016_uusi.pdf\">SMSY:n kes\u00e4p\u00e4iv\u00e4t 2016 lehti<\/a><\/p>\n<p align=\"LEFT\">Kylpyl\u00e4ss\u00e4 vieraat toivotettiin tervetulleiksi.<\/p>\n<p align=\"LEFT\"><img loading=\"lazy\" class=\"alignnone size-medium wp-image-294\" src=\"http:\/\/www.e-ksy.org\/wp-content\/uploads\/2016\/09\/WP_20160812_027-300x169.jpg\" alt=\"wp_20160812_027\" width=\"300\" height=\"169\" srcset=\"https:\/\/www.e-ksy.org\/wp-content\/uploads\/2016\/09\/WP_20160812_027-300x169.jpg 300w, https:\/\/www.e-ksy.org\/wp-content\/uploads\/2016\/09\/WP_20160812_027-768x432.jpg 768w, https:\/\/www.e-ksy.org\/wp-content\/uploads\/2016\/09\/WP_20160812_027-1024x577.jpg 1024w\" sizes=\"(max-width: 300px) 100vw, 300px\" \/><\/p>\n<p align=\"LEFT\"><img loading=\"lazy\" class=\"alignnone size-medium wp-image-279\" src=\"http:\/\/www.e-ksy.org\/wp-content\/uploads\/2016\/09\/Kes\u00e4p\u00e4iville-saapuvia-300x200.jpg\" alt=\"Kes\u00e4p\u00e4iville saapuvien ilmottautuminen\" width=\"300\" height=\"200\" srcset=\"https:\/\/www.e-ksy.org\/wp-content\/uploads\/2016\/09\/Kes\u00e4p\u00e4iville-saapuvia-300x200.jpg 300w, https:\/\/www.e-ksy.org\/wp-content\/uploads\/2016\/09\/Kes\u00e4p\u00e4iville-saapuvia-768x512.jpg 768w, https:\/\/www.e-ksy.org\/wp-content\/uploads\/2016\/09\/Kes\u00e4p\u00e4iville-saapuvia-1024x683.jpg 1024w\" sizes=\"(max-width: 300px) 100vw, 300px\" \/><img loading=\"lazy\" class=\"alignnone size-medium wp-image-288\" src=\"http:\/\/www.e-ksy.org\/wp-content\/uploads\/2016\/09\/Tervetuloa-kes\u00e4p\u00e4iville-300x200.jpg\" alt=\"tervetuloa-kesapaiville\" width=\"300\" height=\"200\" srcset=\"https:\/\/www.e-ksy.org\/wp-content\/uploads\/2016\/09\/Tervetuloa-kes\u00e4p\u00e4iville-300x200.jpg 300w, https:\/\/www.e-ksy.org\/wp-content\/uploads\/2016\/09\/Tervetuloa-kes\u00e4p\u00e4iville-768x512.jpg 768w, https:\/\/www.e-ksy.org\/wp-content\/uploads\/2016\/09\/Tervetuloa-kes\u00e4p\u00e4iville-1024x683.jpg 1024w\" sizes=\"(max-width: 300px) 100vw, 300px\" \/><\/p>\n<p align=\"LEFT\">Ohjelmassa\u00a0Imatran vesivoimala, risteily\u00e4, rajamuseo<\/p>\n<p align=\"LEFT\">Imatran vesivoimalaitos.<\/p>\n<p align=\"LEFT\"><img loading=\"lazy\" class=\"alignnone wp-image-293\" src=\"http:\/\/www.e-ksy.org\/wp-content\/uploads\/2016\/09\/WP_20160812_021-300x169.jpg\" alt=\"wp_20160812_021\" width=\"258\" height=\"145\" srcset=\"https:\/\/www.e-ksy.org\/wp-content\/uploads\/2016\/09\/WP_20160812_021-300x169.jpg 300w, https:\/\/www.e-ksy.org\/wp-content\/uploads\/2016\/09\/WP_20160812_021-768x432.jpg 768w, https:\/\/www.e-ksy.org\/wp-content\/uploads\/2016\/09\/WP_20160812_021-1024x577.jpg 1024w\" sizes=\"(max-width: 258px) 100vw, 258px\" \/><img loading=\"lazy\" class=\"alignnone wp-image-297\" src=\"http:\/\/www.e-ksy.org\/wp-content\/uploads\/2016\/09\/WP_20160813_009-169x300.jpg\" alt=\"wp_20160813_009\" width=\"136\" height=\"241\" srcset=\"https:\/\/www.e-ksy.org\/wp-content\/uploads\/2016\/09\/WP_20160813_009-169x300.jpg 169w, https:\/\/www.e-ksy.org\/wp-content\/uploads\/2016\/09\/WP_20160813_009-768x1364.jpg 768w, https:\/\/www.e-ksy.org\/wp-content\/uploads\/2016\/09\/WP_20160813_009-577x1024.jpg 577w, https:\/\/www.e-ksy.org\/wp-content\/uploads\/2016\/09\/WP_20160813_009.jpg 2000w\" sizes=\"(max-width: 136px) 100vw, 136px\" \/><img loading=\"lazy\" class=\"alignnone wp-image-300\" src=\"http:\/\/www.e-ksy.org\/wp-content\/uploads\/2016\/09\/WP_20160813_036-300x169.jpg\" alt=\"wp_20160813_036\" width=\"256\" height=\"144\" srcset=\"https:\/\/www.e-ksy.org\/wp-content\/uploads\/2016\/09\/WP_20160813_036-300x169.jpg 300w, https:\/\/www.e-ksy.org\/wp-content\/uploads\/2016\/09\/WP_20160813_036-768x432.jpg 768w, https:\/\/www.e-ksy.org\/wp-content\/uploads\/2016\/09\/WP_20160813_036-1024x577.jpg 1024w\" sizes=\"(max-width: 256px) 100vw, 256px\" \/><img loading=\"lazy\" class=\"alignnone size-medium wp-image-284\" src=\"http:\/\/www.e-ksy.org\/wp-content\/uploads\/2016\/09\/Saimaan-miniristeilylylle-l\u00e4ht\u00f6-1-300x169.jpg\" alt=\"saimaan-miniristeilylylle-lahto\" width=\"300\" height=\"169\" srcset=\"https:\/\/www.e-ksy.org\/wp-content\/uploads\/2016\/09\/Saimaan-miniristeilylylle-l\u00e4ht\u00f6-1-300x169.jpg 300w, https:\/\/www.e-ksy.org\/wp-content\/uploads\/2016\/09\/Saimaan-miniristeilylylle-l\u00e4ht\u00f6-1-768x432.jpg 768w, https:\/\/www.e-ksy.org\/wp-content\/uploads\/2016\/09\/Saimaan-miniristeilylylle-l\u00e4ht\u00f6-1-1024x576.jpg 1024w\" sizes=\"(max-width: 300px) 100vw, 300px\" \/><\/p>\n<p align=\"LEFT\">Rajamuseossa.<\/p>\n<p align=\"LEFT\"><img loading=\"lazy\" class=\"alignnone wp-image-289\" src=\"http:\/\/www.e-ksy.org\/wp-content\/uploads\/2016\/09\/Vierailu-rajamuseossa-300x200.jpg\" alt=\"vierailu-rajamuseossa\" width=\"272\" height=\"181\" srcset=\"https:\/\/www.e-ksy.org\/wp-content\/uploads\/2016\/09\/Vierailu-rajamuseossa-300x200.jpg 300w, https:\/\/www.e-ksy.org\/wp-content\/uploads\/2016\/09\/Vierailu-rajamuseossa-768x512.jpg 768w, https:\/\/www.e-ksy.org\/wp-content\/uploads\/2016\/09\/Vierailu-rajamuseossa-1024x683.jpg 1024w\" sizes=\"(max-width: 272px) 100vw, 272px\" \/><img loading=\"lazy\" class=\"alignnone wp-image-291\" src=\"http:\/\/www.e-ksy.org\/wp-content\/uploads\/2016\/09\/Vierailu-rajamuseossa2-200x300.jpg\" alt=\"vierailu-rajamuseossa2\" width=\"144\" height=\"216\" srcset=\"https:\/\/www.e-ksy.org\/wp-content\/uploads\/2016\/09\/Vierailu-rajamuseossa2-200x300.jpg 200w, https:\/\/www.e-ksy.org\/wp-content\/uploads\/2016\/09\/Vierailu-rajamuseossa2-768x1152.jpg 768w, https:\/\/www.e-ksy.org\/wp-content\/uploads\/2016\/09\/Vierailu-rajamuseossa2-683x1024.jpg 683w, https:\/\/www.e-ksy.org\/wp-content\/uploads\/2016\/09\/Vierailu-rajamuseossa2.jpg 1728w\" sizes=\"(max-width: 144px) 100vw, 144px\" \/><img loading=\"lazy\" class=\"alignnone wp-image-290\" src=\"http:\/\/www.e-ksy.org\/wp-content\/uploads\/2016\/09\/Vierailu-rajamuseossa1-300x200.jpg\" alt=\"vierailu-rajamuseossa1\" width=\"222\" height=\"148\" srcset=\"https:\/\/www.e-ksy.org\/wp-content\/uploads\/2016\/09\/Vierailu-rajamuseossa1-300x200.jpg 300w, https:\/\/www.e-ksy.org\/wp-content\/uploads\/2016\/09\/Vierailu-rajamuseossa1-768x512.jpg 768w, https:\/\/www.e-ksy.org\/wp-content\/uploads\/2016\/09\/Vierailu-rajamuseossa1-1024x683.jpg 1024w\" sizes=\"(max-width: 222px) 100vw, 222px\" \/><\/p>\n<p align=\"LEFT\">Imatran koskin\u00e4yt\u00f6s.<\/p>\n<p align=\"LEFT\"><img loading=\"lazy\" class=\"alignnone size-medium wp-image-314\" src=\"http:\/\/www.e-ksy.org\/wp-content\/uploads\/2016\/09\/Imatrankoski-300x200.jpg\" alt=\"imatrankoski\" width=\"300\" height=\"200\" srcset=\"https:\/\/www.e-ksy.org\/wp-content\/uploads\/2016\/09\/Imatrankoski-300x200.jpg 300w, https:\/\/www.e-ksy.org\/wp-content\/uploads\/2016\/09\/Imatrankoski-768x512.jpg 768w, https:\/\/www.e-ksy.org\/wp-content\/uploads\/2016\/09\/Imatrankoski-1024x683.jpg 1024w\" sizes=\"(max-width: 300px) 100vw, 300px\" \/><img loading=\"lazy\" class=\"alignnone size-medium wp-image-318\" src=\"http:\/\/www.e-ksy.org\/wp-content\/uploads\/2016\/09\/WP_20160813_065-300x169.jpg\" alt=\"wp_20160813_065\" width=\"300\" height=\"169\" srcset=\"https:\/\/www.e-ksy.org\/wp-content\/uploads\/2016\/09\/WP_20160813_065-300x169.jpg 300w, https:\/\/www.e-ksy.org\/wp-content\/uploads\/2016\/09\/WP_20160813_065-768x432.jpg 768w, https:\/\/www.e-ksy.org\/wp-content\/uploads\/2016\/09\/WP_20160813_065-1024x577.jpg 1024w\" sizes=\"(max-width: 300px) 100vw, 300px\" \/><\/p>\n<p align=\"LEFT\">Tervetuliaissanat\u00a0EKSY:n puheenjohtaja Esa Forsblom, avaussanat SMSY:n puheenjohtaja Kalevi Virtanen ja juhlapuheen piti Etel\u00e4-Karjalan maakuntajohtaja Matti Viialainen.<\/p>\n<p align=\"LEFT\"><img loading=\"lazy\" class=\"alignnone size-medium wp-image-287\" src=\"http:\/\/www.e-ksy.org\/wp-content\/uploads\/2016\/09\/Tervetuliassanat-300x200.jpg\" alt=\"tervetuliassanat\" width=\"300\" height=\"200\" srcset=\"https:\/\/www.e-ksy.org\/wp-content\/uploads\/2016\/09\/Tervetuliassanat-300x200.jpg 300w, https:\/\/www.e-ksy.org\/wp-content\/uploads\/2016\/09\/Tervetuliassanat-768x512.jpg 768w, https:\/\/www.e-ksy.org\/wp-content\/uploads\/2016\/09\/Tervetuliassanat-1024x683.jpg 1024w\" sizes=\"(max-width: 300px) 100vw, 300px\" \/><img loading=\"lazy\" class=\"alignnone size-medium wp-image-285\" src=\"http:\/\/www.e-ksy.org\/wp-content\/uploads\/2016\/09\/SMSYn-puheenjohtaja-Kalevi-Virta-avaussanat-300x200.jpg\" alt=\"smsyn-puheenjohtaja-kalevi-virta-avaussanat\" width=\"300\" height=\"200\" srcset=\"https:\/\/www.e-ksy.org\/wp-content\/uploads\/2016\/09\/SMSYn-puheenjohtaja-Kalevi-Virta-avaussanat-300x200.jpg 300w, https:\/\/www.e-ksy.org\/wp-content\/uploads\/2016\/09\/SMSYn-puheenjohtaja-Kalevi-Virta-avaussanat-768x512.jpg 768w, https:\/\/www.e-ksy.org\/wp-content\/uploads\/2016\/09\/SMSYn-puheenjohtaja-Kalevi-Virta-avaussanat-1024x683.jpg 1024w\" sizes=\"(max-width: 300px) 100vw, 300px\" \/><img loading=\"lazy\" class=\"alignnone size-medium wp-image-275\" src=\"http:\/\/www.e-ksy.org\/wp-content\/uploads\/2016\/09\/Etel\u00e4-Karjalan-maakuntajohtajan-juhlapuhe-300x200.jpg\" alt=\"etela-karjalan-maakuntajohtajan-juhlapuhe\" width=\"300\" height=\"200\" srcset=\"https:\/\/www.e-ksy.org\/wp-content\/uploads\/2016\/09\/Etel\u00e4-Karjalan-maakuntajohtajan-juhlapuhe-300x200.jpg 300w, https:\/\/www.e-ksy.org\/wp-content\/uploads\/2016\/09\/Etel\u00e4-Karjalan-maakuntajohtajan-juhlapuhe-768x512.jpg 768w, https:\/\/www.e-ksy.org\/wp-content\/uploads\/2016\/09\/Etel\u00e4-Karjalan-maakuntajohtajan-juhlapuhe-1024x683.jpg 1024w\" sizes=\"(max-width: 300px) 100vw, 300px\" \/><\/p>\n<p align=\"LEFT\">Kapulanvaihto Oulun PIPO:lle.<\/p>\n<p align=\"LEFT\"><img loading=\"lazy\" class=\"alignnone size-medium wp-image-322\" src=\"http:\/\/www.e-ksy.org\/wp-content\/uploads\/2016\/03\/Kes\u00e4p\u00e4ivien-kapulanvaihto-Oulun-PIPOlle--300x200.jpg\" alt=\"kesapaivien-kapulanvaihto-oulun-pipolle\" width=\"300\" height=\"200\" srcset=\"https:\/\/www.e-ksy.org\/wp-content\/uploads\/2016\/03\/Kes\u00e4p\u00e4ivien-kapulanvaihto-Oulun-PIPOlle--300x200.jpg 300w, https:\/\/www.e-ksy.org\/wp-content\/uploads\/2016\/03\/Kes\u00e4p\u00e4ivien-kapulanvaihto-Oulun-PIPOlle--768x512.jpg 768w, https:\/\/www.e-ksy.org\/wp-content\/uploads\/2016\/03\/Kes\u00e4p\u00e4ivien-kapulanvaihto-Oulun-PIPOlle--1024x683.jpg 1024w\" sizes=\"(max-width: 300px) 100vw, 300px\" \/><\/p>\n<p align=\"LEFT\">Iltajuhlassa viihdyttiin ja vietiin mallikkaasti.<\/p>\n<p align=\"LEFT\"><img loading=\"lazy\" class=\"alignnone size-medium wp-image-277\" src=\"http:\/\/www.e-ksy.org\/wp-content\/uploads\/2016\/09\/Juhlav\u00e4ke\u00e4-300x200.jpg\" alt=\"juhlavakea\" width=\"300\" height=\"200\" srcset=\"https:\/\/www.e-ksy.org\/wp-content\/uploads\/2016\/09\/Juhlav\u00e4ke\u00e4-300x200.jpg 300w, https:\/\/www.e-ksy.org\/wp-content\/uploads\/2016\/09\/Juhlav\u00e4ke\u00e4-768x512.jpg 768w, https:\/\/www.e-ksy.org\/wp-content\/uploads\/2016\/09\/Juhlav\u00e4ke\u00e4-1024x683.jpg 1024w\" sizes=\"(max-width: 300px) 100vw, 300px\" \/><img loading=\"lazy\" class=\"alignnone size-medium wp-image-286\" src=\"http:\/\/www.e-ksy.org\/wp-content\/uploads\/2016\/09\/Tanssi-laulua-300x200.jpg\" alt=\"tanssi-laulua\" width=\"300\" height=\"200\" srcset=\"https:\/\/www.e-ksy.org\/wp-content\/uploads\/2016\/09\/Tanssi-laulua-300x200.jpg 300w, https:\/\/www.e-ksy.org\/wp-content\/uploads\/2016\/09\/Tanssi-laulua-768x512.jpg 768w, https:\/\/www.e-ksy.org\/wp-content\/uploads\/2016\/09\/Tanssi-laulua-1024x683.jpg 1024w\" sizes=\"(max-width: 300px) 100vw, 300px\" \/><\/p>\n<p align=\"LEFT\">Kiertopalkinnon luovutus muu Suomi, lajina Frisbee golf.<\/p>\n<p><img loading=\"lazy\" class=\"alignnone size-medium wp-image-280\" src=\"http:\/\/www.e-ksy.org\/wp-content\/uploads\/2016\/09\/Kiertopalkinnon-sai-muu-Suomi-169x300.jpg\" alt=\"kiertopalkinnon-sai-muu-suomi\" width=\"169\" height=\"300\" srcset=\"https:\/\/www.e-ksy.org\/wp-content\/uploads\/2016\/09\/Kiertopalkinnon-sai-muu-Suomi-169x300.jpg 169w, https:\/\/www.e-ksy.org\/wp-content\/uploads\/2016\/09\/Kiertopalkinnon-sai-muu-Suomi-768x1365.jpg 768w, https:\/\/www.e-ksy.org\/wp-content\/uploads\/2016\/09\/Kiertopalkinnon-sai-muu-Suomi-576x1024.jpg 576w\" sizes=\"(max-width: 169px) 100vw, 169px\" \/><img loading=\"lazy\" class=\"alignnone size-medium wp-image-321\" src=\"http:\/\/www.e-ksy.org\/wp-content\/uploads\/2016\/03\/WP_20160814_005-300x169.jpg\" alt=\"wp_20160814_005\" width=\"300\" height=\"169\" srcset=\"https:\/\/www.e-ksy.org\/wp-content\/uploads\/2016\/03\/WP_20160814_005-300x169.jpg 300w, https:\/\/www.e-ksy.org\/wp-content\/uploads\/2016\/03\/WP_20160814_005-768x432.jpg 768w, https:\/\/www.e-ksy.org\/wp-content\/uploads\/2016\/03\/WP_20160814_005-1024x577.jpg 1024w\" sizes=\"(max-width: 300px) 100vw, 300px\" \/><\/p>\n<p>L\u00e4mmin kiitos\u00a0kaikille!<\/p>\n<p>Ja\u00a0vuoden p\u00e4\u00e4st\u00e4 sitten tavataan\u00a0Oulussa.<\/p>\n","protected":false},"excerpt":{"rendered":"<p>\u00a0SMSY:n KES\u00c4P\u00c4IV\u00c4T 2016 IMATRALLA Imatran Kylpyl\u00e4 13. \u2013 14.8.2016. SMSY:n kes\u00e4p\u00e4iv\u00e4t 2016 lehti Kylpyl\u00e4ss\u00e4 vieraat toivotettiin tervetulleiksi. Ohjelmassa\u00a0Imatran vesivoimala, risteily\u00e4, rajamuseo Imatran vesivoimalaitos. Rajamuseossa. Imatran koskin\u00e4yt\u00f6s. Tervetuliaissanat\u00a0EKSY:n puheenjohtaja Esa Forsblom, avaussanat SMSY:n puheenjohtaja Kalevi Virtanen ja juhlapuheen piti Etel\u00e4-Karjalan maakuntajohtaja Matti Viialainen. Kapulanvaihto Oulun PIPO:lle. Iltajuhlassa viihdyttiin ja vietiin mallikkaasti. Kiertopalkinnon luovutus muu Suomi, lajina &hellip; <a href=\"https:\/\/www.e-ksy.org\/?page_id=52\" class=\"more-link\">Jatka artikkeliin <span class=\"screen-reader-text\">SMSY kes\u00e4p\u00e4iv\u00e4t 2016<\/span><\/a><\/p>\n","protected":false},"author":1,"featured_media":141,"parent":0,"menu_order":0,"comment_status":"closed","ping_status":"closed","template":"","meta":[],"_links":{"self":[{"href":"https:\/\/www.e-ksy.org\/index.php?rest_route=\/wp\/v2\/pages\/52"}],"collection":[{"href":"https:\/\/www.e-ksy.org\/index.php?rest_route=\/wp\/v2\/pages"}],"about":[{"href":"https:\/\/www.e-ksy.org\/index.php?rest_route=\/wp\/v2\/types\/page"}],"author":[{"embeddable":true,"href":"https:\/\/www.e-ksy.org\/index.php?rest_route=\/wp\/v2\/users\/1"}],"replies":[{"embeddable":true,"href":"https:\/\/www.e-ksy.org\/index.php?rest_route=%2Fwp%2Fv2%2Fcomments&post=52"}],"version-history":[{"count":26,"href":"https:\/\/www.e-ksy.org\/index.php?rest_route=\/wp\/v2\/pages\/52\/revisions"}],"predecessor-version":[{"id":328,"href":"https:\/\/www.e-ksy.org\/index.php?rest_route=\/wp\/v2\/pages\/52\/revisions\/328"}],"wp:featuredmedia":[{"embeddable":true,"href":"https:\/\/www.e-ksy.org\/index.php?rest_route=\/wp\/v2\/media\/141"}],"wp:attachment":[{"href":"https:\/\/www.e-ksy.org\/index.php?rest_route=%2Fwp%2Fv2%2Fmedia&parent=52"}],"curies":[{"name":"wp","href":"https:\/\/api.w.org\/{rel}","templated":true}]}}