{"id":75,"date":"2016-03-13T21:21:28","date_gmt":"2016-03-13T19:21:28","guid":{"rendered":"http:\/\/www.e-ksy.org\/?page_id=75"},"modified":"2018-04-24T10:16:17","modified_gmt":"2018-04-24T07:16:17","slug":"historia","status":"publish","type":"page","link":"https:\/\/www.e-ksy.org\/?page_id=75","title":{"rendered":"Historia"},"content":{"rendered":"<p><strong>EKSYn lyhyt historia1988-2018<\/strong><\/p>\n<p>EKSY perustettiin aluksi SMSY:n paikalliskerhoksi Etel\u00e4-Karjalaan.<\/p>\n<p>Kokoonkutsujana toimi Lauri Vakkuri ja alustava kokous oli 18.5.1988 Imatralla hotelli Vuoksenhovissa. Kokouksessa valittiin toimikunta kerhon perustamista varten. Kerhon \u201dkummina\u201d oli Martti Laisi Kotkasta.<\/p>\n<p>Toimikunnan j\u00e4senet: Martti Backman, Mauri Kuisma, Jukka H\u00e4s\u00e4, Jaakko Koskinen, Seppo Puranen, Aulis Nyrkk\u00f6, Hannu Nurminen, Martti Hackspik ja Esa Hirvonen.<\/p>\n<p>Kerhon perustava kokous pidettiin 18.10.1988 hotelli Vuoksenhovissa. Kokouksessa oli em. henkil\u00f6t. Kokouksen puheenjohtajana toimi Martti Backman ja sihteerin\u00e4 Aulis Nyrkk\u00f6. Kerhon hallituksen puheenjohtajaksi valittiin Lauri Vakkuri.<\/p>\n<p>EKSY jatkoi kerhona aina vuoteen 1993, jolloin pidettiin kokous, jossa p\u00e4\u00e4tettiin muuttaa kerho rekister\u00f6idyksi yhdistykseksi.<\/p>\n<p>Kokous pidettiin 3.3.1993 hotelli Vuoksenhovissa. Puheenjohtajana toimi Lauri Vakkuri ja sihteerin\u00e4 Matti Kitunen. Hallituksen puheenjohtajaksi valittiin Leo Oinonen. Osallistujia oli 12 henkil\u00f6\u00e4.<\/p>\n<p>Leo Oinosen j\u00e4lkeen pj:n\u00e4 toimi Timo M\u00e4lki\u00e4inen pari vuotta.<\/p>\n<p>1998 vietettiin EKSY:n kymmenvuotis-juhlavuotta.<\/p>\n<p>Juhlat pidettiin Tampereella, hotelli Tammerissa 24-25.10.1998. Ohjelmassa oli ennen teatteria juhlapuhe, perustajaj\u00e4senten kukitus ja SMSY-pinssien jako, juhlamaljat ja -kahvit. Tampereen kaupunginteatterissa katsoimme musikaalin Rent. Juhlaillallinen tarjoiltiin hotelli Tammerissa.<\/p>\n<p>EKSY ry:n puheenjohtajana 1998-2001 toimi Jouko Esala.<\/p>\n<p>EKSY ry:n puheenjohtajana 2002-2004 toimi Martti Hackspik.<\/p>\n<p>EKSY ry:n puheenjohtajana 2005 toimi Tomi Sokkanen.<\/p>\n<p>EKSY ry:n puheenjohtajana 2006&#8211;toimii Esa Forsblom.<\/p>\n<p>EKSY:n 20-vuotisjuhlat pidettiin Jyv\u00e4skyl\u00e4ss\u00e4 29-30.3.2008. Majoitu oli hotelli Jyv\u00e4shovissa ja teatteria katsottiin kaupunginteatterissa, esityksen\u00e4 Shakespeare Hollywoodissa. Juhla illallinen ravintola El Torossa.<\/p>\n<p>25-vuotis taivalta juhlistettiin P\u00e4iv\u00e4 Viipurissa risteilyll\u00e4 vuonna 2013.<\/p>\n<p>Yhdistyksen puitteissa on tehty matkoja niin kotimaassa kuin ulkomaillekin.<\/p>\n<p>Niin, tietysti SMSY:n Koulutus- ja Retkeilyp\u00e4iv\u00e4t: 8.-9.8.1992 Taipalsaaren hotelli Saimaanrannassa, 1.-2.8.2009 Lappeenrannassa, hotelli Patriassa ja 13.-14.8.2016 Imatran Kylpyl\u00e4ss\u00e4.<\/p>\n<p><strong>Ja nyt on 30-vuotis juhlat juhlittu!<\/strong><\/p>\n<p>&nbsp;<\/p>\n<p>&nbsp;<\/p>\n<p>&nbsp;<\/p>\n<p>&nbsp;<\/p>\n<p>&nbsp;<\/p>\n<p>&nbsp;<\/p>\n<p>&nbsp;<\/p>\n","protected":false},"excerpt":{"rendered":"<p>EKSYn lyhyt historia1988-2018 EKSY perustettiin aluksi SMSY:n paikalliskerhoksi Etel\u00e4-Karjalaan. Kokoonkutsujana toimi Lauri Vakkuri ja alustava kokous oli 18.5.1988 Imatralla hotelli Vuoksenhovissa. Kokouksessa valittiin toimikunta kerhon perustamista varten. Kerhon \u201dkummina\u201d oli Martti Laisi Kotkasta. Toimikunnan j\u00e4senet: Martti Backman, Mauri Kuisma, Jukka H\u00e4s\u00e4, Jaakko Koskinen, Seppo Puranen, Aulis Nyrkk\u00f6, Hannu Nurminen, Martti Hackspik ja Esa Hirvonen. Kerhon &hellip; <a href=\"https:\/\/www.e-ksy.org\/?page_id=75\" class=\"more-link\">Jatka artikkeliin <span class=\"screen-reader-text\">Historia<\/span><\/a><\/p>\n","protected":false},"author":1,"featured_media":141,"parent":0,"menu_order":0,"comment_status":"closed","ping_status":"closed","template":"","meta":[],"_links":{"self":[{"href":"https:\/\/www.e-ksy.org\/index.php?rest_route=\/wp\/v2\/pages\/75"}],"collection":[{"href":"https:\/\/www.e-ksy.org\/index.php?rest_route=\/wp\/v2\/pages"}],"about":[{"href":"https:\/\/www.e-ksy.org\/index.php?rest_route=\/wp\/v2\/types\/page"}],"author":[{"embeddable":true,"href":"https:\/\/www.e-ksy.org\/index.php?rest_route=\/wp\/v2\/users\/1"}],"replies":[{"embeddable":true,"href":"https:\/\/www.e-ksy.org\/index.php?rest_route=%2Fwp%2Fv2%2Fcomments&post=75"}],"version-history":[{"count":3,"href":"https:\/\/www.e-ksy.org\/index.php?rest_route=\/wp\/v2\/pages\/75\/revisions"}],"predecessor-version":[{"id":348,"href":"https:\/\/www.e-ksy.org\/index.php?rest_route=\/wp\/v2\/pages\/75\/revisions\/348"}],"wp:featuredmedia":[{"embeddable":true,"href":"https:\/\/www.e-ksy.org\/index.php?rest_route=\/wp\/v2\/media\/141"}],"wp:attachment":[{"href":"https:\/\/www.e-ksy.org\/index.php?rest_route=%2Fwp%2Fv2%2Fmedia&parent=75"}],"curies":[{"name":"wp","href":"https:\/\/api.w.org\/{rel}","templated":true}]}}